{"id":971,"date":"2026-02-02T10:47:01","date_gmt":"2026-02-02T10:47:01","guid":{"rendered":"https:\/\/audiance.eu\/?page_id=971"},"modified":"2026-02-11T16:25:06","modified_gmt":"2026-02-11T16:25:06","slug":"lequipe","status":"publish","type":"page","link":"https:\/\/audiance.eu\/index.php\/lequipe\/","title":{"rendered":"L&rsquo;\u00e9quipe"},"content":{"rendered":"\t\t<div data-elementor-type=\"wp-page\" data-elementor-id=\"971\" class=\"elementor elementor-971\">\n\t\t\t\t<div class=\"elementor-element elementor-element-71e6ad9 e-flex e-con-boxed wpr-particle-no wpr-jarallax-no wpr-parallax-no wpr-sticky-section-no e-con e-parent\" data-id=\"71e6ad9\" data-element_type=\"container\" data-e-type=\"container\">\n\t\t\t\t\t<div class=\"e-con-inner\">\n\t\t\t\t<div class=\"elementor-element elementor-element-216946f elementor-widget elementor-widget-image\" data-id=\"216946f\" data-element_type=\"widget\" data-e-type=\"widget\" data-widget_type=\"image.default\">\n\t\t\t\t\t\t\t\t\t\t\t\t\t\t\t<img fetchpriority=\"high\" decoding=\"async\" width=\"1024\" height=\"187\" src=\"https:\/\/audiance.eu\/wp-content\/uploads\/2026\/02\/Banniere-l-equipe-1024x187.jpg\" class=\"attachment-large size-large wp-image-1797\" alt=\"\" srcset=\"https:\/\/audiance.eu\/wp-content\/uploads\/2026\/02\/Banniere-l-equipe-1024x187.jpg 1024w, https:\/\/audiance.eu\/wp-content\/uploads\/2026\/02\/Banniere-l-equipe-300x55.jpg 300w, https:\/\/audiance.eu\/wp-content\/uploads\/2026\/02\/Banniere-l-equipe-768x140.jpg 768w, https:\/\/audiance.eu\/wp-content\/uploads\/2026\/02\/Banniere-l-equipe.jpg 1280w\" sizes=\"(max-width: 1024px) 100vw, 1024px\" \/>\t\t\t\t\t\t\t\t\t\t\t\t\t\t\t<\/div>\n\t\t\t\t\t<\/div>\n\t\t\t\t<\/div>\n\t\t<div class=\"elementor-element elementor-element-85a74da e-flex e-con-boxed wpr-particle-no wpr-jarallax-no wpr-parallax-no wpr-sticky-section-no e-con e-parent\" data-id=\"85a74da\" data-element_type=\"container\" data-e-type=\"container\">\n\t\t\t\t\t<div class=\"e-con-inner\">\n\t\t\t\t\t<\/div>\n\t\t\t\t<\/div>\n\t\t<div class=\"elementor-element elementor-element-a34724a e-transform e-flex e-con-boxed wpr-particle-no wpr-jarallax-no wpr-parallax-no wpr-sticky-section-no e-con e-parent\" data-id=\"a34724a\" data-element_type=\"container\" data-e-type=\"container\" data-settings=\"{&quot;_transform_translateX_effect_mobile&quot;:{&quot;unit&quot;:&quot;px&quot;,&quot;size&quot;:6,&quot;sizes&quot;:[]},&quot;_transform_translateX_effect&quot;:{&quot;unit&quot;:&quot;px&quot;,&quot;size&quot;:&quot;&quot;,&quot;sizes&quot;:[]},&quot;_transform_translateX_effect_tablet&quot;:{&quot;unit&quot;:&quot;px&quot;,&quot;size&quot;:&quot;&quot;,&quot;sizes&quot;:[]},&quot;_transform_translateY_effect&quot;:{&quot;unit&quot;:&quot;px&quot;,&quot;size&quot;:&quot;&quot;,&quot;sizes&quot;:[]},&quot;_transform_translateY_effect_tablet&quot;:{&quot;unit&quot;:&quot;px&quot;,&quot;size&quot;:&quot;&quot;,&quot;sizes&quot;:[]},&quot;_transform_translateY_effect_mobile&quot;:{&quot;unit&quot;:&quot;px&quot;,&quot;size&quot;:&quot;&quot;,&quot;sizes&quot;:[]}}\">\n\t\t\t\t\t<div class=\"e-con-inner\">\n\t\t<div class=\"elementor-element elementor-element-ed1bff0 e-con-full e-flex wpr-particle-no wpr-jarallax-no wpr-parallax-no wpr-sticky-section-no e-con e-child\" data-id=\"ed1bff0\" data-element_type=\"container\" data-e-type=\"container\">\n\t\t\t\t<div class=\"elementor-element elementor-element-2ffc98c elementor-widget elementor-widget-image\" data-id=\"2ffc98c\" data-element_type=\"widget\" data-e-type=\"widget\" data-widget_type=\"image.default\">\n\t\t\t\t\t\t\t\t\t\t\t\t\t\t\t<img decoding=\"async\" width=\"1024\" height=\"683\" src=\"https:\/\/audiance.eu\/wp-content\/uploads\/2026\/01\/QUI-sommes-nous-1024x683.jpg\" class=\"attachment-large size-large wp-image-273\" alt=\"\" srcset=\"https:\/\/audiance.eu\/wp-content\/uploads\/2026\/01\/QUI-sommes-nous-1024x683.jpg 1024w, https:\/\/audiance.eu\/wp-content\/uploads\/2026\/01\/QUI-sommes-nous-300x200.jpg 300w, https:\/\/audiance.eu\/wp-content\/uploads\/2026\/01\/QUI-sommes-nous-768x512.jpg 768w, https:\/\/audiance.eu\/wp-content\/uploads\/2026\/01\/QUI-sommes-nous-1536x1024.jpg 1536w, https:\/\/audiance.eu\/wp-content\/uploads\/2026\/01\/QUI-sommes-nous-2048x1365.jpg 2048w\" sizes=\"(max-width: 1024px) 100vw, 1024px\" \/>\t\t\t\t\t\t\t\t\t\t\t\t\t\t\t<\/div>\n\t\t\t\t<\/div>\n\t\t<div class=\"elementor-element elementor-element-24ba3c2 e-con-full e-flex wpr-particle-no wpr-jarallax-no wpr-parallax-no wpr-sticky-section-no e-con e-child\" data-id=\"24ba3c2\" data-element_type=\"container\" data-e-type=\"container\">\n\t\t<div class=\"elementor-element elementor-element-dcab4e4 e-con-full e-flex wpr-particle-no wpr-jarallax-no wpr-parallax-no wpr-sticky-section-no e-con e-child\" data-id=\"dcab4e4\" data-element_type=\"container\" data-e-type=\"container\">\n\t\t\t\t<div class=\"elementor-element elementor-element-3ca0e69 e-transform elementor-widget elementor-widget-image\" data-id=\"3ca0e69\" data-element_type=\"widget\" data-e-type=\"widget\" data-settings=\"{&quot;_transform_translateY_effect&quot;:{&quot;unit&quot;:&quot;px&quot;,&quot;size&quot;:-7,&quot;sizes&quot;:[]},&quot;_transform_translateX_effect&quot;:{&quot;unit&quot;:&quot;px&quot;,&quot;size&quot;:&quot;&quot;,&quot;sizes&quot;:[]},&quot;_transform_translateX_effect_tablet&quot;:{&quot;unit&quot;:&quot;px&quot;,&quot;size&quot;:&quot;&quot;,&quot;sizes&quot;:[]},&quot;_transform_translateX_effect_mobile&quot;:{&quot;unit&quot;:&quot;px&quot;,&quot;size&quot;:&quot;&quot;,&quot;sizes&quot;:[]},&quot;_transform_translateY_effect_tablet&quot;:{&quot;unit&quot;:&quot;px&quot;,&quot;size&quot;:&quot;&quot;,&quot;sizes&quot;:[]},&quot;_transform_translateY_effect_mobile&quot;:{&quot;unit&quot;:&quot;px&quot;,&quot;size&quot;:&quot;&quot;,&quot;sizes&quot;:[]}}\" data-widget_type=\"image.default\">\n\t\t\t\t\t\t\t\t\t\t\t\t\t\t\t<img decoding=\"async\" width=\"1024\" height=\"122\" src=\"https:\/\/audiance.eu\/wp-content\/uploads\/2026\/02\/titre-equipe-1024x122.jpg\" class=\"attachment-large size-large wp-image-1557\" alt=\"\" srcset=\"https:\/\/audiance.eu\/wp-content\/uploads\/2026\/02\/titre-equipe-1024x122.jpg 1024w, https:\/\/audiance.eu\/wp-content\/uploads\/2026\/02\/titre-equipe-300x36.jpg 300w, https:\/\/audiance.eu\/wp-content\/uploads\/2026\/02\/titre-equipe-768x91.jpg 768w, https:\/\/audiance.eu\/wp-content\/uploads\/2026\/02\/titre-equipe.jpg 1280w\" sizes=\"(max-width: 1024px) 100vw, 1024px\" \/>\t\t\t\t\t\t\t\t\t\t\t\t\t\t\t<\/div>\n\t\t\t\t<\/div>\n\t\t<div class=\"elementor-element elementor-element-377b205 e-con-full e-flex wpr-particle-no wpr-jarallax-no wpr-parallax-no wpr-sticky-section-no e-con e-child\" data-id=\"377b205\" data-element_type=\"container\" data-e-type=\"container\">\n\t\t\t\t<div class=\"elementor-element elementor-element-4185337 elementor-widget elementor-widget-text-editor\" data-id=\"4185337\" data-element_type=\"widget\" data-e-type=\"widget\" data-widget_type=\"text-editor.default\">\n\t\t\t\t\t\t\t\t\t<p><span style=\"color: #000000;\">L&rsquo;aventure <strong>Audiance<\/strong> est n\u00e9e en 2006 de la rencontre de <strong>deux passionn\u00e9s<\/strong> de musique et de technologies sc\u00e9niques.<\/span><\/p><p><span style=\"color: #000000;\">Port\u00e9s par l&rsquo;envie de mettre <strong>l&rsquo;innovation au service de l&rsquo;\u00e9motion,<\/strong> <strong>Alexandre et Pascal<\/strong> ont b\u00e2ti une entreprise dynamique, curieuse et en constante veille sur les <strong>tendances de demain.<\/strong><\/span><\/p><p><span style=\"color: #000000;\">Aujourd&rsquo;hui, <strong>Audiance<\/strong> c&rsquo;est avant tout une <strong>\u00e9quipe d&rsquo;experts<\/strong> qui partagent une vision commune : faire de chaque \u00e9v\u00e8nement une <strong>r\u00e9ussite technique absolue.<\/strong><\/span><\/p>\t\t\t\t\t\t\t\t<\/div>\n\t\t\t\t<\/div>\n\t\t\t\t<\/div>\n\t\t\t\t\t<\/div>\n\t\t\t\t<\/div>\n\t\t<div class=\"elementor-element elementor-element-8e611b7 e-flex e-con-boxed wpr-particle-no wpr-jarallax-no wpr-parallax-no wpr-sticky-section-no e-con e-parent\" data-id=\"8e611b7\" data-element_type=\"container\" data-e-type=\"container\">\n\t\t\t\t\t<div class=\"e-con-inner\">\n\t\t\t\t<div class=\"elementor-element elementor-element-c6a69d1 elementor-widget elementor-widget-spacer\" data-id=\"c6a69d1\" data-element_type=\"widget\" data-e-type=\"widget\" data-widget_type=\"spacer.default\">\n\t\t\t\t\t\t\t<div class=\"elementor-spacer\">\n\t\t\t<div class=\"elementor-spacer-inner\"><\/div>\n\t\t<\/div>\n\t\t\t\t\t\t<\/div>\n\t\t\t\t\t<\/div>\n\t\t\t\t<\/div>\n\t\t<div class=\"elementor-element elementor-element-de124ae e-transform e-flex e-con-boxed wpr-particle-no wpr-jarallax-no wpr-parallax-no wpr-sticky-section-no e-con e-parent\" data-id=\"de124ae\" data-element_type=\"container\" data-e-type=\"container\" data-settings=\"{&quot;_transform_translateX_effect_mobile&quot;:{&quot;unit&quot;:&quot;px&quot;,&quot;size&quot;:6,&quot;sizes&quot;:[]},&quot;_transform_translateX_effect&quot;:{&quot;unit&quot;:&quot;px&quot;,&quot;size&quot;:&quot;&quot;,&quot;sizes&quot;:[]},&quot;_transform_translateX_effect_tablet&quot;:{&quot;unit&quot;:&quot;px&quot;,&quot;size&quot;:&quot;&quot;,&quot;sizes&quot;:[]},&quot;_transform_translateY_effect&quot;:{&quot;unit&quot;:&quot;px&quot;,&quot;size&quot;:&quot;&quot;,&quot;sizes&quot;:[]},&quot;_transform_translateY_effect_tablet&quot;:{&quot;unit&quot;:&quot;px&quot;,&quot;size&quot;:&quot;&quot;,&quot;sizes&quot;:[]},&quot;_transform_translateY_effect_mobile&quot;:{&quot;unit&quot;:&quot;px&quot;,&quot;size&quot;:&quot;&quot;,&quot;sizes&quot;:[]}}\">\n\t\t\t\t\t<div class=\"e-con-inner\">\n\t\t<div class=\"elementor-element elementor-element-40b070c e-con-full e-flex wpr-particle-no wpr-jarallax-no wpr-parallax-no wpr-sticky-section-no e-con e-child\" data-id=\"40b070c\" data-element_type=\"container\" data-e-type=\"container\">\n\t\t\t\t<div class=\"elementor-element elementor-element-49eb9c3 e-transform elementor-widget elementor-widget-image\" data-id=\"49eb9c3\" data-element_type=\"widget\" data-e-type=\"widget\" data-settings=\"{&quot;_transform_translateY_effect&quot;:{&quot;unit&quot;:&quot;px&quot;,&quot;size&quot;:-6,&quot;sizes&quot;:[]},&quot;_transform_translateX_effect&quot;:{&quot;unit&quot;:&quot;px&quot;,&quot;size&quot;:&quot;&quot;,&quot;sizes&quot;:[]},&quot;_transform_translateX_effect_tablet&quot;:{&quot;unit&quot;:&quot;px&quot;,&quot;size&quot;:&quot;&quot;,&quot;sizes&quot;:[]},&quot;_transform_translateX_effect_mobile&quot;:{&quot;unit&quot;:&quot;px&quot;,&quot;size&quot;:&quot;&quot;,&quot;sizes&quot;:[]},&quot;_transform_translateY_effect_tablet&quot;:{&quot;unit&quot;:&quot;px&quot;,&quot;size&quot;:&quot;&quot;,&quot;sizes&quot;:[]},&quot;_transform_translateY_effect_mobile&quot;:{&quot;unit&quot;:&quot;px&quot;,&quot;size&quot;:&quot;&quot;,&quot;sizes&quot;:[]}}\" data-widget_type=\"image.default\">\n\t\t\t\t\t\t\t\t\t\t\t\t\t\t\t<img loading=\"lazy\" decoding=\"async\" width=\"1024\" height=\"129\" src=\"https:\/\/audiance.eu\/wp-content\/uploads\/2026\/02\/titre-adn-1024x129.jpg\" class=\"attachment-large size-large wp-image-1565\" alt=\"\" srcset=\"https:\/\/audiance.eu\/wp-content\/uploads\/2026\/02\/titre-adn-1024x129.jpg 1024w, https:\/\/audiance.eu\/wp-content\/uploads\/2026\/02\/titre-adn-300x38.jpg 300w, https:\/\/audiance.eu\/wp-content\/uploads\/2026\/02\/titre-adn-768x97.jpg 768w, https:\/\/audiance.eu\/wp-content\/uploads\/2026\/02\/titre-adn.jpg 1280w\" sizes=\"(max-width: 1024px) 100vw, 1024px\" \/>\t\t\t\t\t\t\t\t\t\t\t\t\t\t\t<\/div>\n\t\t\t\t<div class=\"elementor-element elementor-element-f3952d9 elementor-widget elementor-widget-text-editor\" data-id=\"f3952d9\" data-element_type=\"widget\" data-e-type=\"widget\" data-widget_type=\"text-editor.default\">\n\t\t\t\t\t\t\t\t\t<p><span style=\"color: #000000;\"><b>Une \u00e9quipe soud\u00e9e :<\/b>\u00a0Une synergie solide, techniquement et humainement, pour avancer ensemble vers un objectif commun.<\/span><\/p><ul><li><span style=\"color: #000000;\"><b><strong>Agilit\u00e9 &amp; Souplesse :<\/strong><\/b>\u00a0Nous nous adaptons instantan\u00e9ment \u00e0 la diversit\u00e9 de vos projets, qu&rsquo;il s&rsquo;agisse d&rsquo;un salon professionnel ou d&rsquo;un spectacle vivant.<\/span><\/li><li><span style=\"color: #000000;\"><b><strong>Pr\u00e9cision Professionnelle :<\/strong><\/b>\u00a0Notre m\u00e9tier ne laisse pas de place au hasard ; chaque d\u00e9tail est ma\u00eetris\u00e9 avec une haute rigueur technique.<\/span><\/li><li><span style=\"color: #000000;\"><b><strong>Efficacit\u00e9 R\u00e9active :<\/strong><\/b>\u00a0Parce que le spectacle n\u2019attend pas, nous agissons avec rapidit\u00e9 et assurance pour garantir le respect de vos d\u00e9lais.<\/span><\/li><li><span style=\"color: #000000;\"><b><strong>Esprit d&rsquo;Innovation :<\/strong><\/b>\u00a0Toujours \u00e0 l&rsquo;\u00e9coute de vos id\u00e9es, nous int\u00e9grons les derni\u00e8res technologies pour repousser les limites de vos \u00e9v\u00e9nements.<\/span><\/li><\/ul>\t\t\t\t\t\t\t\t<\/div>\n\t\t\t\t<\/div>\n\t\t<div class=\"elementor-element elementor-element-f6644f1 e-con-full e-flex wpr-particle-no wpr-jarallax-no wpr-parallax-no wpr-sticky-section-no e-con e-child\" data-id=\"f6644f1\" data-element_type=\"container\" data-e-type=\"container\">\n\t\t\t\t<div class=\"elementor-element elementor-element-1d25679 elementor-widget elementor-widget-image\" data-id=\"1d25679\" data-element_type=\"widget\" data-e-type=\"widget\" data-widget_type=\"image.default\">\n\t\t\t\t\t\t\t\t\t\t\t\t\t\t\t<img loading=\"lazy\" decoding=\"async\" width=\"482\" height=\"362\" src=\"https:\/\/audiance.eu\/wp-content\/uploads\/2026\/01\/Audiance-JPO-25-04-2017-12-en-tant-quobjet-dynamique-1w.jpg\" class=\"attachment-large size-large wp-image-662\" alt=\"\" srcset=\"https:\/\/audiance.eu\/wp-content\/uploads\/2026\/01\/Audiance-JPO-25-04-2017-12-en-tant-quobjet-dynamique-1w.jpg 482w, https:\/\/audiance.eu\/wp-content\/uploads\/2026\/01\/Audiance-JPO-25-04-2017-12-en-tant-quobjet-dynamique-1w-300x225.jpg 300w\" sizes=\"(max-width: 482px) 100vw, 482px\" \/>\t\t\t\t\t\t\t\t\t\t\t\t\t\t\t<\/div>\n\t\t\t\t<\/div>\n\t\t\t\t\t<\/div>\n\t\t\t\t<\/div>\n\t\t<div class=\"elementor-element elementor-element-6880821d e-con-full e-flex wpr-particle-no wpr-jarallax-no wpr-parallax-no wpr-sticky-section-no e-con e-parent\" data-id=\"6880821d\" data-element_type=\"container\" data-e-type=\"container\">\n\t\t\t\t<div class=\"elementor-element elementor-element-6a67c8fa elementor-widget elementor-widget-spacer\" data-id=\"6a67c8fa\" data-element_type=\"widget\" data-e-type=\"widget\" data-widget_type=\"spacer.default\">\n\t\t\t\t\t\t\t<div class=\"elementor-spacer\">\n\t\t\t<div class=\"elementor-spacer-inner\"><\/div>\n\t\t<\/div>\n\t\t\t\t\t\t<\/div>\n\t\t\t\t<\/div>\n\t\t\t\t<\/div>\n\t\t","protected":false},"excerpt":{"rendered":"<p>L&rsquo;aventure Audiance est n\u00e9e en 2006 de la rencontre de deux passionn\u00e9s de musique et de technologies sc\u00e9niques. Port\u00e9s par l&rsquo;envie de mettre l&rsquo;innovation au service de l&rsquo;\u00e9motion, Alexandre et Pascal ont b\u00e2ti une entreprise dynamique, curieuse et en constante veille sur les tendances de demain. Aujourd&rsquo;hui, Audiance c&rsquo;est avant tout une \u00e9quipe d&rsquo;experts qui partagent une vision commune : faire de chaque \u00e9v\u00e8nement une r\u00e9ussite technique absolue. Une \u00e9quipe soud\u00e9e :\u00a0Une synergie solide, techniquement et humainement, pour avancer ensemble vers un objectif commun. Agilit\u00e9 &amp; Souplesse :\u00a0Nous nous adaptons instantan\u00e9ment \u00e0 la diversit\u00e9 de vos projets, qu&rsquo;il s&rsquo;agisse d&rsquo;un salon professionnel ou d&rsquo;un spectacle vivant. Pr\u00e9cision Professionnelle :\u00a0Notre m\u00e9tier ne laisse pas de place au hasard ; chaque d\u00e9tail est ma\u00eetris\u00e9 avec une haute rigueur technique. Efficacit\u00e9 R\u00e9active :\u00a0Parce que le spectacle n\u2019attend pas, nous agissons avec rapidit\u00e9 et assurance pour garantir le respect de vos d\u00e9lais. Esprit d&rsquo;Innovation :\u00a0Toujours \u00e0 l&rsquo;\u00e9coute de vos id\u00e9es, nous int\u00e9grons les derni\u00e8res technologies pour repousser les limites de vos \u00e9v\u00e9nements.<\/p>\n","protected":false},"author":1,"featured_media":0,"parent":0,"menu_order":0,"comment_status":"closed","ping_status":"closed","template":"","meta":{"footnotes":""},"class_list":["post-971","page","type-page","status-publish","hentry"],"_links":{"self":[{"href":"https:\/\/audiance.eu\/index.php\/wp-json\/wp\/v2\/pages\/971","targetHints":{"allow":["GET"]}}],"collection":[{"href":"https:\/\/audiance.eu\/index.php\/wp-json\/wp\/v2\/pages"}],"about":[{"href":"https:\/\/audiance.eu\/index.php\/wp-json\/wp\/v2\/types\/page"}],"author":[{"embeddable":true,"href":"https:\/\/audiance.eu\/index.php\/wp-json\/wp\/v2\/users\/1"}],"replies":[{"embeddable":true,"href":"https:\/\/audiance.eu\/index.php\/wp-json\/wp\/v2\/comments?post=971"}],"version-history":[{"count":79,"href":"https:\/\/audiance.eu\/index.php\/wp-json\/wp\/v2\/pages\/971\/revisions"}],"predecessor-version":[{"id":2406,"href":"https:\/\/audiance.eu\/index.php\/wp-json\/wp\/v2\/pages\/971\/revisions\/2406"}],"wp:attachment":[{"href":"https:\/\/audiance.eu\/index.php\/wp-json\/wp\/v2\/media?parent=971"}],"curies":[{"name":"wp","href":"https:\/\/api.w.org\/{rel}","templated":true}]}}