{"id":1330,"date":"2026-02-04T09:05:57","date_gmt":"2026-02-04T09:05:57","guid":{"rendered":"https:\/\/audiance.eu\/?page_id=1330"},"modified":"2026-02-25T09:43:53","modified_gmt":"2026-02-25T09:43:53","slug":"elementor-1330","status":"publish","type":"page","link":"https:\/\/audiance.eu\/","title":{"rendered":"accueil"},"content":{"rendered":"\t\t<div data-elementor-type=\"wp-page\" data-elementor-id=\"1330\" class=\"elementor elementor-1330\">\n\t\t\t\t<div class=\"elementor-element elementor-element-4b354e6 e-flex e-con-boxed wpr-particle-no wpr-jarallax-no wpr-parallax-no wpr-sticky-section-no e-con e-parent\" data-id=\"4b354e6\" data-element_type=\"container\" data-e-type=\"container\">\n\t\t\t\t\t<div class=\"e-con-inner\">\n\t\t\t\t<div class=\"elementor-element elementor-element-0cccdcf elementor-widget elementor-widget-image\" data-id=\"0cccdcf\" data-element_type=\"widget\" data-e-type=\"widget\" data-widget_type=\"image.default\">\n\t\t\t\t\t\t\t\t\t\t\t\t\t\t\t<img fetchpriority=\"high\" decoding=\"async\" width=\"1024\" height=\"187\" src=\"https:\/\/audiance.eu\/wp-content\/uploads\/2026\/02\/banniere-1-1024x187.jpg\" class=\"attachment-large size-large wp-image-1564\" alt=\"\" srcset=\"https:\/\/audiance.eu\/wp-content\/uploads\/2026\/02\/banniere-1-1024x187.jpg 1024w, https:\/\/audiance.eu\/wp-content\/uploads\/2026\/02\/banniere-1-300x55.jpg 300w, https:\/\/audiance.eu\/wp-content\/uploads\/2026\/02\/banniere-1-768x140.jpg 768w, https:\/\/audiance.eu\/wp-content\/uploads\/2026\/02\/banniere-1.jpg 1280w\" sizes=\"(max-width: 1024px) 100vw, 1024px\" \/>\t\t\t\t\t\t\t\t\t\t\t\t\t\t\t<\/div>\n\t\t\t\t\t<\/div>\n\t\t\t\t<\/div>\n\t\t<div class=\"elementor-element elementor-element-6f756d4 e-flex e-con-boxed wpr-particle-no wpr-jarallax-no wpr-parallax-no wpr-sticky-section-no e-con e-parent\" data-id=\"6f756d4\" data-element_type=\"container\" data-e-type=\"container\">\n\t\t\t\t\t<div class=\"e-con-inner\">\n\t\t\t\t<div class=\"elementor-element elementor-element-a3d4183 elementor-widget elementor-widget-spacer\" data-id=\"a3d4183\" data-element_type=\"widget\" data-e-type=\"widget\" data-widget_type=\"spacer.default\">\n\t\t\t\t\t\t\t<div class=\"elementor-spacer\">\n\t\t\t<div class=\"elementor-spacer-inner\"><\/div>\n\t\t<\/div>\n\t\t\t\t\t\t<\/div>\n\t\t\t\t\t<\/div>\n\t\t\t\t<\/div>\n\t\t<div class=\"elementor-element elementor-element-b1873c e-con-full e-transform e-transform e-flex wpr-particle-no wpr-jarallax-no wpr-parallax-no wpr-sticky-section-no e-con e-parent\" data-id=\"b1873c\" data-element_type=\"container\" data-e-type=\"container\" data-settings=\"{&quot;_transform_translateY_effect&quot;:{&quot;unit&quot;:&quot;px&quot;,&quot;size&quot;:-27,&quot;sizes&quot;:[]},&quot;_transform_translateX_effect&quot;:{&quot;unit&quot;:&quot;px&quot;,&quot;size&quot;:&quot;&quot;,&quot;sizes&quot;:[]},&quot;_transform_translateX_effect_tablet&quot;:{&quot;unit&quot;:&quot;px&quot;,&quot;size&quot;:&quot;&quot;,&quot;sizes&quot;:[]},&quot;_transform_translateX_effect_mobile&quot;:{&quot;unit&quot;:&quot;px&quot;,&quot;size&quot;:&quot;&quot;,&quot;sizes&quot;:[]},&quot;_transform_translateY_effect_tablet&quot;:{&quot;unit&quot;:&quot;px&quot;,&quot;size&quot;:&quot;&quot;,&quot;sizes&quot;:[]},&quot;_transform_translateY_effect_mobile&quot;:{&quot;unit&quot;:&quot;px&quot;,&quot;size&quot;:&quot;&quot;,&quot;sizes&quot;:[]},&quot;_transform_scale_effect&quot;:{&quot;unit&quot;:&quot;px&quot;,&quot;size&quot;:&quot;&quot;,&quot;sizes&quot;:[]},&quot;_transform_scale_effect_tablet&quot;:{&quot;unit&quot;:&quot;px&quot;,&quot;size&quot;:&quot;&quot;,&quot;sizes&quot;:[]},&quot;_transform_scale_effect_mobile&quot;:{&quot;unit&quot;:&quot;px&quot;,&quot;size&quot;:&quot;&quot;,&quot;sizes&quot;:[]}}\">\n\t\t<div class=\"elementor-element elementor-element-207f81f9 e-con-full e-flex wpr-particle-no wpr-jarallax-no wpr-parallax-no wpr-sticky-section-no e-con e-child\" data-id=\"207f81f9\" data-element_type=\"container\" data-e-type=\"container\">\n\t\t\t\t<\/div>\n\t\t<div class=\"elementor-element elementor-element-f5b6c42 e-con-full e-transform e-flex wpr-particle-no wpr-jarallax-no wpr-parallax-no wpr-sticky-section-no e-con e-child\" data-id=\"f5b6c42\" data-element_type=\"container\" data-e-type=\"container\" data-settings=\"{&quot;_transform_translateX_effect_mobile&quot;:{&quot;unit&quot;:&quot;px&quot;,&quot;size&quot;:-17,&quot;sizes&quot;:[]},&quot;_transform_translateY_effect_mobile&quot;:{&quot;unit&quot;:&quot;px&quot;,&quot;size&quot;:4,&quot;sizes&quot;:[]},&quot;_transform_translateX_effect&quot;:{&quot;unit&quot;:&quot;px&quot;,&quot;size&quot;:&quot;&quot;,&quot;sizes&quot;:[]},&quot;_transform_translateX_effect_tablet&quot;:{&quot;unit&quot;:&quot;px&quot;,&quot;size&quot;:&quot;&quot;,&quot;sizes&quot;:[]},&quot;_transform_translateY_effect&quot;:{&quot;unit&quot;:&quot;px&quot;,&quot;size&quot;:&quot;&quot;,&quot;sizes&quot;:[]},&quot;_transform_translateY_effect_tablet&quot;:{&quot;unit&quot;:&quot;px&quot;,&quot;size&quot;:&quot;&quot;,&quot;sizes&quot;:[]}}\">\n\t\t\t\t<div class=\"elementor-element elementor-element-495b234 elementor-widget__width-initial elementor-widget elementor-widget-image\" data-id=\"495b234\" data-element_type=\"widget\" data-e-type=\"widget\" data-widget_type=\"image.default\">\n\t\t\t\t\t\t\t\t\t\t\t\t\t\t\t<img decoding=\"async\" width=\"1024\" height=\"139\" src=\"https:\/\/audiance.eu\/wp-content\/uploads\/2026\/02\/titre1-1024x139.jpg\" class=\"attachment-large size-large wp-image-1298\" alt=\"\" srcset=\"https:\/\/audiance.eu\/wp-content\/uploads\/2026\/02\/titre1-1024x139.jpg 1024w, https:\/\/audiance.eu\/wp-content\/uploads\/2026\/02\/titre1-300x41.jpg 300w, https:\/\/audiance.eu\/wp-content\/uploads\/2026\/02\/titre1-768x104.jpg 768w, https:\/\/audiance.eu\/wp-content\/uploads\/2026\/02\/titre1.jpg 1280w\" sizes=\"(max-width: 1024px) 100vw, 1024px\" \/>\t\t\t\t\t\t\t\t\t\t\t\t\t\t\t<\/div>\n\t\t\t\t<div class=\"elementor-element elementor-element-ef38761 elementor-widget elementor-widget-text-editor\" data-id=\"ef38761\" data-element_type=\"widget\" data-e-type=\"widget\" data-widget_type=\"text-editor.default\">\n\t\t\t\t\t\t\t\t\t<p style=\"margin: 0cm 0cm 9.0pt 0cm;\"><span style=\"color: #000000;\">De la sobri\u00e9t\u00e9 d&rsquo;une c\u00e9r\u00e9monie de v\u0153ux \u00e0 l&rsquo;effervescence d&rsquo;un festival en passant par les salons professionnels, nous transformons vos id\u00e9es en exp\u00e9riences marquantes.<\/span><\/p><p style=\"margin: 0cm 0cm 9.0pt 0cm;\"><span style=\"color: #000000;\">Notre \u00e9quipe d\u00e9ploie tout son savoir-faire technique : <b>son, lumi\u00e8re, vid\u00e9o et\u00a0<\/b><b>structure<\/b>, pour sublimer chaque instant et graver votre \u00e9v\u00e9nement dans les m\u00e9moires.<\/span><\/p><p style=\"margin: 0cm 0cm 9.0pt 0cm;\"><span style=\"color: #000000;\">Audiance donne vie \u00e0 vos ambitions \u00e9v\u00e8nementielles pour les rendre inoubliables.<\/span><\/p>\t\t\t\t\t\t\t\t<\/div>\n\t\t\t\t<\/div>\n\t\t\t\t<\/div>\n\t\t<div class=\"elementor-element elementor-element-3575904 e-con-full e-flex wpr-particle-no wpr-jarallax-no wpr-parallax-no wpr-sticky-section-no e-con e-parent\" data-id=\"3575904\" data-element_type=\"container\" data-e-type=\"container\">\n\t\t<div class=\"elementor-element elementor-element-104a873 e-grid e-con-full wpr-particle-no wpr-jarallax-no wpr-parallax-no wpr-sticky-section-no e-con e-child\" data-id=\"104a873\" data-element_type=\"container\" data-e-type=\"container\">\n\t\t\t\t<div class=\"elementor-element elementor-element-3890ab90 elementor-widget elementor-widget-counter\" data-id=\"3890ab90\" data-element_type=\"widget\" data-e-type=\"widget\" data-widget_type=\"counter.default\">\n\t\t\t\t\t\t\t<div class=\"elementor-counter\">\n\t\t\t<div class=\"elementor-counter-title\">Ann\u00e9e d'exp\u00e9rience<\/div>\t\t\t<div class=\"elementor-counter-number-wrapper\">\n\t\t\t\t<span class=\"elementor-counter-number-prefix\"><\/span>\n\t\t\t\t<span class=\"elementor-counter-number\" data-duration=\"1800\" data-to-value=\"20\" data-from-value=\"0\" data-delimiter=\",\">0<\/span>\n\t\t\t\t<span class=\"elementor-counter-number-suffix\"><\/span>\n\t\t\t<\/div>\n\t\t<\/div>\n\t\t\t\t\t\t<\/div>\n\t\t\t\t<div class=\"elementor-element elementor-element-7ff4ad65 elementor-widget elementor-widget-counter\" data-id=\"7ff4ad65\" data-element_type=\"widget\" data-e-type=\"widget\" data-widget_type=\"counter.default\">\n\t\t\t\t\t\t\t<div class=\"elementor-counter\">\n\t\t\t<div class=\"elementor-counter-title\">Ev\u00e9nements r\u00e9alis\u00e9s<\/div>\t\t\t<div class=\"elementor-counter-number-wrapper\">\n\t\t\t\t<span class=\"elementor-counter-number-prefix\"><\/span>\n\t\t\t\t<span class=\"elementor-counter-number\" data-duration=\"2000\" data-to-value=\"7200\" data-from-value=\"0\" data-delimiter=\" \">0<\/span>\n\t\t\t\t<span class=\"elementor-counter-number-suffix\"><\/span>\n\t\t\t<\/div>\n\t\t<\/div>\n\t\t\t\t\t\t<\/div>\n\t\t\t\t<div class=\"elementor-element elementor-element-532b4f1b elementor-widget elementor-widget-counter\" data-id=\"532b4f1b\" data-element_type=\"widget\" data-e-type=\"widget\" data-widget_type=\"counter.default\">\n\t\t\t\t\t\t\t<div class=\"elementor-counter\">\n\t\t\t<div class=\"elementor-counter-title\">Interventions en moyenne par mois<\/div>\t\t\t<div class=\"elementor-counter-number-wrapper\">\n\t\t\t\t<span class=\"elementor-counter-number-prefix\"><\/span>\n\t\t\t\t<span class=\"elementor-counter-number\" data-duration=\"2000\" data-to-value=\"30\" data-from-value=\"0\">0<\/span>\n\t\t\t\t<span class=\"elementor-counter-number-suffix\"><\/span>\n\t\t\t<\/div>\n\t\t<\/div>\n\t\t\t\t\t\t<\/div>\n\t\t\t\t<\/div>\n\t\t\t\t<\/div>\n\t\t<div class=\"elementor-element elementor-element-601586b e-con-full e-transform e-flex wpr-particle-no wpr-jarallax-no wpr-parallax-no wpr-sticky-section-no e-con e-parent\" data-id=\"601586b\" data-element_type=\"container\" data-e-type=\"container\" data-settings=\"{&quot;_transform_translateX_effect&quot;:{&quot;unit&quot;:&quot;px&quot;,&quot;size&quot;:-500,&quot;sizes&quot;:[]},&quot;_transform_translateX_effect_tablet&quot;:{&quot;unit&quot;:&quot;px&quot;,&quot;size&quot;:&quot;&quot;,&quot;sizes&quot;:[]},&quot;_transform_translateX_effect_mobile&quot;:{&quot;unit&quot;:&quot;px&quot;,&quot;size&quot;:&quot;&quot;,&quot;sizes&quot;:[]},&quot;_transform_translateY_effect&quot;:{&quot;unit&quot;:&quot;px&quot;,&quot;size&quot;:&quot;&quot;,&quot;sizes&quot;:[]},&quot;_transform_translateY_effect_tablet&quot;:{&quot;unit&quot;:&quot;px&quot;,&quot;size&quot;:&quot;&quot;,&quot;sizes&quot;:[]},&quot;_transform_translateY_effect_mobile&quot;:{&quot;unit&quot;:&quot;px&quot;,&quot;size&quot;:&quot;&quot;,&quot;sizes&quot;:[]}}\">\n\t\t\t\t<div class=\"elementor-element elementor-element-e978cf0 e-transform elementor-widget elementor-widget-image\" data-id=\"e978cf0\" data-element_type=\"widget\" data-e-type=\"widget\" data-settings=\"{&quot;_transform_translateX_effect&quot;:{&quot;unit&quot;:&quot;px&quot;,&quot;size&quot;:-20,&quot;sizes&quot;:[]},&quot;_transform_translateX_effect_tablet&quot;:{&quot;unit&quot;:&quot;px&quot;,&quot;size&quot;:&quot;&quot;,&quot;sizes&quot;:[]},&quot;_transform_translateX_effect_mobile&quot;:{&quot;unit&quot;:&quot;px&quot;,&quot;size&quot;:&quot;&quot;,&quot;sizes&quot;:[]},&quot;_transform_translateY_effect&quot;:{&quot;unit&quot;:&quot;px&quot;,&quot;size&quot;:&quot;&quot;,&quot;sizes&quot;:[]},&quot;_transform_translateY_effect_tablet&quot;:{&quot;unit&quot;:&quot;px&quot;,&quot;size&quot;:&quot;&quot;,&quot;sizes&quot;:[]},&quot;_transform_translateY_effect_mobile&quot;:{&quot;unit&quot;:&quot;px&quot;,&quot;size&quot;:&quot;&quot;,&quot;sizes&quot;:[]}}\" data-widget_type=\"image.default\">\n\t\t\t\t\t\t\t\t\t\t\t\t\t\t\t<img decoding=\"async\" width=\"1024\" height=\"280\" src=\"https:\/\/audiance.eu\/wp-content\/uploads\/2026\/02\/actualites-1024x280.jpg\" class=\"attachment-large size-large wp-image-1353\" alt=\"\" srcset=\"https:\/\/audiance.eu\/wp-content\/uploads\/2026\/02\/actualites-1024x280.jpg 1024w, https:\/\/audiance.eu\/wp-content\/uploads\/2026\/02\/actualites-300x82.jpg 300w, https:\/\/audiance.eu\/wp-content\/uploads\/2026\/02\/actualites-768x210.jpg 768w, https:\/\/audiance.eu\/wp-content\/uploads\/2026\/02\/actualites.jpg 1280w\" sizes=\"(max-width: 1024px) 100vw, 1024px\" \/>\t\t\t\t\t\t\t\t\t\t\t\t\t\t\t<\/div>\n\t\t\t\t<\/div>\n\t\t<div class=\"elementor-element elementor-element-66ae8876 e-grid e-con-full e-transform wpr-particle-no wpr-jarallax-no wpr-parallax-no wpr-sticky-section-no e-con e-parent\" data-id=\"66ae8876\" data-element_type=\"container\" data-e-type=\"container\" data-settings=\"{&quot;_transform_translateX_effect_mobile&quot;:{&quot;unit&quot;:&quot;px&quot;,&quot;size&quot;:8,&quot;sizes&quot;:[]},&quot;_transform_translateX_effect&quot;:{&quot;unit&quot;:&quot;px&quot;,&quot;size&quot;:&quot;&quot;,&quot;sizes&quot;:[]},&quot;_transform_translateX_effect_tablet&quot;:{&quot;unit&quot;:&quot;px&quot;,&quot;size&quot;:&quot;&quot;,&quot;sizes&quot;:[]},&quot;_transform_translateY_effect&quot;:{&quot;unit&quot;:&quot;px&quot;,&quot;size&quot;:&quot;&quot;,&quot;sizes&quot;:[]},&quot;_transform_translateY_effect_tablet&quot;:{&quot;unit&quot;:&quot;px&quot;,&quot;size&quot;:&quot;&quot;,&quot;sizes&quot;:[]},&quot;_transform_translateY_effect_mobile&quot;:{&quot;unit&quot;:&quot;px&quot;,&quot;size&quot;:&quot;&quot;,&quot;sizes&quot;:[]}}\">\n\t\t\t\t<div class=\"elementor-element elementor-element-41a579cb elementor-widget elementor-widget-image\" data-id=\"41a579cb\" data-element_type=\"widget\" data-e-type=\"widget\" data-widget_type=\"image.default\">\n\t\t\t\t\t\t\t\t\t\t\t\t<figure class=\"wp-caption\">\n\t\t\t\t\t\t\t\t\t\t<img loading=\"lazy\" decoding=\"async\" width=\"1024\" height=\"886\" src=\"https:\/\/audiance.eu\/wp-content\/uploads\/2026\/02\/IMG_0482-scaled-e1770037741310-1024x886.jpg\" class=\"attachment-large size-large wp-image-988\" alt=\"\" srcset=\"https:\/\/audiance.eu\/wp-content\/uploads\/2026\/02\/IMG_0482-scaled-e1770037741310-1024x886.jpg 1024w, https:\/\/audiance.eu\/wp-content\/uploads\/2026\/02\/IMG_0482-scaled-e1770037741310-300x260.jpg 300w, https:\/\/audiance.eu\/wp-content\/uploads\/2026\/02\/IMG_0482-scaled-e1770037741310-768x665.jpg 768w, https:\/\/audiance.eu\/wp-content\/uploads\/2026\/02\/IMG_0482-scaled-e1770037741310-1536x1330.jpg 1536w, https:\/\/audiance.eu\/wp-content\/uploads\/2026\/02\/IMG_0482-scaled-e1770037741310.jpg 1750w\" sizes=\"(max-width: 1024px) 100vw, 1024px\" \/>\t\t\t\t\t\t\t\t\t\t\t<figcaption class=\"widget-image-caption wp-caption-text\">Concert de Chim\u00e8ne BADI \u00e0 l'\u00e9glise de Genas<\/figcaption>\n\t\t\t\t\t\t\t\t\t\t<\/figure>\n\t\t\t\t\t\t\t\t\t<\/div>\n\t\t\t\t<div class=\"elementor-element elementor-element-63ea3a2a elementor-widget elementor-widget-image\" data-id=\"63ea3a2a\" data-element_type=\"widget\" data-e-type=\"widget\" data-widget_type=\"image.default\">\n\t\t\t\t\t\t\t\t\t\t\t\t<figure class=\"wp-caption\">\n\t\t\t\t\t\t\t\t\t\t<img loading=\"lazy\" decoding=\"async\" width=\"1912\" height=\"1650\" src=\"https:\/\/audiance.eu\/wp-content\/uploads\/2026\/02\/IMG_9447-scaled-e1770211000559.jpg\" class=\"attachment-full size-full wp-image-987\" alt=\"\" srcset=\"https:\/\/audiance.eu\/wp-content\/uploads\/2026\/02\/IMG_9447-scaled-e1770211000559.jpg 1912w, https:\/\/audiance.eu\/wp-content\/uploads\/2026\/02\/IMG_9447-scaled-e1770211000559-300x259.jpg 300w, https:\/\/audiance.eu\/wp-content\/uploads\/2026\/02\/IMG_9447-scaled-e1770211000559-1024x884.jpg 1024w, https:\/\/audiance.eu\/wp-content\/uploads\/2026\/02\/IMG_9447-scaled-e1770211000559-768x663.jpg 768w, https:\/\/audiance.eu\/wp-content\/uploads\/2026\/02\/IMG_9447-scaled-e1770211000559-1536x1326.jpg 1536w\" sizes=\"(max-width: 1912px) 100vw, 1912px\" \/>\t\t\t\t\t\t\t\t\t\t\t<figcaption class=\"widget-image-caption wp-caption-text\">Conf\u00e9rence de la soci\u00e9t\u00e9 SNEF \u00e0 l'Astroballe<\/figcaption>\n\t\t\t\t\t\t\t\t\t\t<\/figure>\n\t\t\t\t\t\t\t\t\t<\/div>\n\t\t\t\t<div class=\"elementor-element elementor-element-762e76b2 elementor-widget elementor-widget-image\" data-id=\"762e76b2\" data-element_type=\"widget\" data-e-type=\"widget\" data-widget_type=\"image.default\">\n\t\t\t\t\t\t\t\t\t\t\t\t<figure class=\"wp-caption\">\n\t\t\t\t\t\t\t\t\t\t<img loading=\"lazy\" decoding=\"async\" width=\"1024\" height=\"885\" src=\"https:\/\/audiance.eu\/wp-content\/uploads\/2026\/02\/inauguration-e1770211438785-1024x885.jpg\" class=\"attachment-large size-large wp-image-996\" alt=\"\" srcset=\"https:\/\/audiance.eu\/wp-content\/uploads\/2026\/02\/inauguration-e1770211438785-1024x885.jpg 1024w, https:\/\/audiance.eu\/wp-content\/uploads\/2026\/02\/inauguration-e1770211438785-300x259.jpg 300w, https:\/\/audiance.eu\/wp-content\/uploads\/2026\/02\/inauguration-e1770211438785-768x664.jpg 768w, https:\/\/audiance.eu\/wp-content\/uploads\/2026\/02\/inauguration-e1770211438785.jpg 1536w\" sizes=\"(max-width: 1024px) 100vw, 1024px\" \/>\t\t\t\t\t\t\t\t\t\t\t<figcaption class=\"widget-image-caption wp-caption-text\">Inauguration d'un b\u00e2timent sur Meyzieu<\/figcaption>\n\t\t\t\t\t\t\t\t\t\t<\/figure>\n\t\t\t\t\t\t\t\t\t<\/div>\n\t\t\t\t<\/div>\n\t\t<div class=\"elementor-element elementor-element-1bbad5cd e-con-full e-flex wpr-particle-no wpr-jarallax-no wpr-parallax-no wpr-sticky-section-no e-con e-parent\" data-id=\"1bbad5cd\" data-element_type=\"container\" data-e-type=\"container\">\n\t\t\t\t<div class=\"elementor-element elementor-element-22dd9a8c e-transform e-transform elementor-widget__width-initial elementor-widget-mobile__width-inherit elementor-hidden-mobile elementor-widget elementor-widget-image-carousel\" data-id=\"22dd9a8c\" data-element_type=\"widget\" data-e-type=\"widget\" data-settings=\"{&quot;slides_to_show&quot;:&quot;5&quot;,&quot;_transform_translateX_effect&quot;:{&quot;unit&quot;:&quot;px&quot;,&quot;size&quot;:12,&quot;sizes&quot;:[]},&quot;_transform_translateY_effect&quot;:{&quot;unit&quot;:&quot;px&quot;,&quot;size&quot;:86,&quot;sizes&quot;:[]},&quot;navigation&quot;:&quot;none&quot;,&quot;_transform_translateX_effect_mobile&quot;:{&quot;unit&quot;:&quot;px&quot;,&quot;size&quot;:34,&quot;sizes&quot;:[]},&quot;_transform_scaleX_effect_mobile&quot;:{&quot;unit&quot;:&quot;px&quot;,&quot;size&quot;:0.7,&quot;sizes&quot;:[]},&quot;_transform_scaleY_effect_mobile&quot;:{&quot;unit&quot;:&quot;px&quot;,&quot;size&quot;:0.7,&quot;sizes&quot;:[]},&quot;_transform_scaleX_effect&quot;:{&quot;unit&quot;:&quot;px&quot;,&quot;size&quot;:1,&quot;sizes&quot;:[]},&quot;slides_to_scroll_mobile&quot;:&quot;10&quot;,&quot;infinite&quot;:&quot;yes&quot;,&quot;speed&quot;:500,&quot;_transform_translateX_effect_tablet&quot;:{&quot;unit&quot;:&quot;px&quot;,&quot;size&quot;:&quot;&quot;,&quot;sizes&quot;:[]},&quot;_transform_translateY_effect_tablet&quot;:{&quot;unit&quot;:&quot;px&quot;,&quot;size&quot;:&quot;&quot;,&quot;sizes&quot;:[]},&quot;_transform_translateY_effect_mobile&quot;:{&quot;unit&quot;:&quot;px&quot;,&quot;size&quot;:&quot;&quot;,&quot;sizes&quot;:[]},&quot;_transform_scaleX_effect_tablet&quot;:{&quot;unit&quot;:&quot;px&quot;,&quot;size&quot;:&quot;&quot;,&quot;sizes&quot;:[]},&quot;_transform_scaleY_effect&quot;:{&quot;unit&quot;:&quot;px&quot;,&quot;size&quot;:&quot;&quot;,&quot;sizes&quot;:[]},&quot;_transform_scaleY_effect_tablet&quot;:{&quot;unit&quot;:&quot;px&quot;,&quot;size&quot;:&quot;&quot;,&quot;sizes&quot;:[]}}\" data-widget_type=\"image-carousel.default\">\n\t\t\t\t\t\t\t<div class=\"elementor-image-carousel-wrapper swiper\" role=\"region\" aria-roledescription=\"carousel\" aria-label=\"Carrousel d\u2019images\" dir=\"ltr\">\n\t\t\t<div class=\"elementor-image-carousel swiper-wrapper\" aria-live=\"polite\">\n\t\t\t\t\t\t\t\t<div class=\"swiper-slide\" role=\"group\" aria-roledescription=\"slide\" aria-label=\"1 sur 13\"><figure class=\"swiper-slide-inner\"><img decoding=\"async\" class=\"swiper-slide-image\" src=\"https:\/\/audiance.eu\/wp-content\/uploads\/2026\/01\/edf-1-e1770042752224.jpg\" alt=\"edf-1\" \/><\/figure><\/div><div class=\"swiper-slide\" role=\"group\" aria-roledescription=\"slide\" aria-label=\"2 sur 13\"><figure class=\"swiper-slide-inner\"><img decoding=\"async\" class=\"swiper-slide-image\" src=\"https:\/\/audiance.eu\/wp-content\/uploads\/2026\/01\/ville-genas-nature-2.jpg\" alt=\"ville-genas-nature\" \/><\/figure><\/div><div class=\"swiper-slide\" role=\"group\" aria-roledescription=\"slide\" aria-label=\"3 sur 13\"><figure class=\"swiper-slide-inner\"><img decoding=\"async\" class=\"swiper-slide-image\" src=\"https:\/\/audiance.eu\/wp-content\/uploads\/2026\/01\/rives-du-temps-1-e1770042072829.jpg\" alt=\"rives-du-temps\" \/><\/figure><\/div><div class=\"swiper-slide\" role=\"group\" aria-roledescription=\"slide\" aria-label=\"4 sur 13\"><figure class=\"swiper-slide-inner\"><img decoding=\"async\" class=\"swiper-slide-image\" src=\"https:\/\/audiance.eu\/wp-content\/uploads\/2026\/01\/office-des-sports-lyon-1-e1770042810952.jpg\" alt=\"office-des-sports-lyon\" \/><\/figure><\/div><div class=\"swiper-slide\" role=\"group\" aria-roledescription=\"slide\" aria-label=\"5 sur 13\"><figure class=\"swiper-slide-inner\"><img decoding=\"async\" class=\"swiper-slide-image\" src=\"https:\/\/audiance.eu\/wp-content\/uploads\/2026\/01\/villeurbanne-1-1.png\" alt=\"villeurbanne-1-1\" \/><\/figure><\/div><div class=\"swiper-slide\" role=\"group\" aria-roledescription=\"slide\" aria-label=\"6 sur 13\"><figure class=\"swiper-slide-inner\"><img decoding=\"async\" class=\"swiper-slide-image\" src=\"https:\/\/audiance.eu\/wp-content\/uploads\/2026\/01\/ville-de-lyon-1-1.png\" alt=\"ville-de-lyon-1-1\" \/><\/figure><\/div><div class=\"swiper-slide\" role=\"group\" aria-roledescription=\"slide\" aria-label=\"7 sur 13\"><figure class=\"swiper-slide-inner\"><img decoding=\"async\" class=\"swiper-slide-image\" src=\"https:\/\/audiance.eu\/wp-content\/uploads\/2026\/01\/starterre-3-1.png\" alt=\"starterre-3-1\" \/><\/figure><\/div><div class=\"swiper-slide\" role=\"group\" aria-roledescription=\"slide\" aria-label=\"8 sur 13\"><figure class=\"swiper-slide-inner\"><img decoding=\"async\" class=\"swiper-slide-image\" src=\"https:\/\/audiance.eu\/wp-content\/uploads\/2026\/01\/france-fff-feminine-1-e1770042195635.png\" alt=\"france-fff-feminine-1\" \/><\/figure><\/div><div class=\"swiper-slide\" role=\"group\" aria-roledescription=\"slide\" aria-label=\"9 sur 13\"><figure class=\"swiper-slide-inner\"><img decoding=\"async\" class=\"swiper-slide-image\" src=\"https:\/\/audiance.eu\/wp-content\/uploads\/2026\/01\/france-feux-e1770042217129.jpg\" alt=\"france-feux\" \/><\/figure><\/div><div class=\"swiper-slide\" role=\"group\" aria-roledescription=\"slide\" aria-label=\"10 sur 13\"><figure class=\"swiper-slide-inner\"><img decoding=\"async\" class=\"swiper-slide-image\" src=\"https:\/\/audiance.eu\/wp-content\/uploads\/2026\/01\/ville-de-saint-priest-1-1-e1770042331169.png\" alt=\"ville-de-saint-priest-1-1\" \/><\/figure><\/div><div class=\"swiper-slide\" role=\"group\" aria-roledescription=\"slide\" aria-label=\"11 sur 13\"><figure class=\"swiper-slide-inner\"><img decoding=\"async\" class=\"swiper-slide-image\" src=\"https:\/\/audiance.eu\/wp-content\/uploads\/2026\/01\/ville-de-saint-bonnet-de-mure-1-e1770042386923.png\" alt=\"ville-de-saint-bonnet-de-mure-1\" \/><\/figure><\/div><div class=\"swiper-slide\" role=\"group\" aria-roledescription=\"slide\" aria-label=\"12 sur 13\"><figure class=\"swiper-slide-inner\"><img decoding=\"async\" class=\"swiper-slide-image\" src=\"https:\/\/audiance.eu\/wp-content\/uploads\/2026\/02\/capfimo-e1770042570827.png\" alt=\"capfimo\" \/><\/figure><\/div><div class=\"swiper-slide\" role=\"group\" aria-roledescription=\"slide\" aria-label=\"13 sur 13\"><figure class=\"swiper-slide-inner\"><img decoding=\"async\" class=\"swiper-slide-image\" src=\"https:\/\/audiance.eu\/wp-content\/uploads\/2026\/02\/logo-asvel-e1770042667363.png\" alt=\"logo asvel\" \/><\/figure><\/div>\t\t\t<\/div>\n\t\t\t\t\t\t\t\n\t\t\t\t\t\t\t\t\t<\/div>\n\t\t\t\t\t\t<\/div>\n\t\t\t\t<\/div>\n\t\t<div class=\"elementor-element elementor-element-65bbce8c e-flex e-con-boxed wpr-particle-no wpr-jarallax-no wpr-parallax-no wpr-sticky-section-no e-con e-parent\" data-id=\"65bbce8c\" data-element_type=\"container\" data-e-type=\"container\">\n\t\t\t\t\t<div class=\"e-con-inner\">\n\t\t\t\t<div class=\"elementor-element elementor-element-6c981fa9 elementor-widget elementor-widget-spacer\" data-id=\"6c981fa9\" data-element_type=\"widget\" data-e-type=\"widget\" data-widget_type=\"spacer.default\">\n\t\t\t\t\t\t\t<div class=\"elementor-spacer\">\n\t\t\t<div class=\"elementor-spacer-inner\"><\/div>\n\t\t<\/div>\n\t\t\t\t\t\t<\/div>\n\t\t\t\t\t<\/div>\n\t\t\t\t<\/div>\n\t\t<div class=\"elementor-element elementor-element-6b25257c e-flex e-con-boxed wpr-particle-no wpr-jarallax-no wpr-parallax-no wpr-sticky-section-no e-con e-parent\" data-id=\"6b25257c\" data-element_type=\"container\" data-e-type=\"container\">\n\t\t\t\t\t<div class=\"e-con-inner\">\n\t\t\t\t<div class=\"elementor-element elementor-element-75ab0a7a elementor-widget elementor-widget-spacer\" data-id=\"75ab0a7a\" data-element_type=\"widget\" data-e-type=\"widget\" data-widget_type=\"spacer.default\">\n\t\t\t\t\t\t\t<div class=\"elementor-spacer\">\n\t\t\t<div class=\"elementor-spacer-inner\"><\/div>\n\t\t<\/div>\n\t\t\t\t\t\t<\/div>\n\t\t\t\t\t<\/div>\n\t\t\t\t<\/div>\n\t\t\t\t<\/div>\n\t\t","protected":false},"excerpt":{"rendered":"<p>De la sobri\u00e9t\u00e9 d&rsquo;une c\u00e9r\u00e9monie de v\u0153ux \u00e0 l&rsquo;effervescence d&rsquo;un festival en passant par les salons professionnels, nous transformons vos id\u00e9es en exp\u00e9riences marquantes. Notre \u00e9quipe d\u00e9ploie tout son savoir-faire technique : son, lumi\u00e8re, vid\u00e9o et\u00a0structure, pour sublimer chaque instant et graver votre \u00e9v\u00e9nement dans les m\u00e9moires. Audiance donne vie \u00e0 vos ambitions \u00e9v\u00e8nementielles pour les rendre inoubliables. Ann\u00e9e d&rsquo;exp\u00e9rience 0 Ev\u00e9nements r\u00e9alis\u00e9s 0 Interventions en moyenne par mois 0 Concert de Chim\u00e8ne BADI \u00e0 l&rsquo;\u00e9glise de Genas Conf\u00e9rence de la soci\u00e9t\u00e9 SNEF \u00e0 l&rsquo;Astroballe Inauguration d&rsquo;un b\u00e2timent sur Meyzieu<\/p>\n","protected":false},"author":1,"featured_media":0,"parent":0,"menu_order":0,"comment_status":"closed","ping_status":"closed","template":"","meta":{"footnotes":""},"class_list":["post-1330","page","type-page","status-publish","hentry"],"_links":{"self":[{"href":"https:\/\/audiance.eu\/index.php\/wp-json\/wp\/v2\/pages\/1330","targetHints":{"allow":["GET"]}}],"collection":[{"href":"https:\/\/audiance.eu\/index.php\/wp-json\/wp\/v2\/pages"}],"about":[{"href":"https:\/\/audiance.eu\/index.php\/wp-json\/wp\/v2\/types\/page"}],"author":[{"embeddable":true,"href":"https:\/\/audiance.eu\/index.php\/wp-json\/wp\/v2\/users\/1"}],"replies":[{"embeddable":true,"href":"https:\/\/audiance.eu\/index.php\/wp-json\/wp\/v2\/comments?post=1330"}],"version-history":[{"count":152,"href":"https:\/\/audiance.eu\/index.php\/wp-json\/wp\/v2\/pages\/1330\/revisions"}],"predecessor-version":[{"id":2483,"href":"https:\/\/audiance.eu\/index.php\/wp-json\/wp\/v2\/pages\/1330\/revisions\/2483"}],"wp:attachment":[{"href":"https:\/\/audiance.eu\/index.php\/wp-json\/wp\/v2\/media?parent=1330"}],"curies":[{"name":"wp","href":"https:\/\/api.w.org\/{rel}","templated":true}]}}